{"id":384491,"date":"2021-10-21T23:05:42","date_gmt":"2021-10-21T21:05:42","guid":{"rendered":"https:\/\/www.redgrasscreative.com\/product\/palette-en-verre-rgg-painter-lite\/"},"modified":"2026-03-14T22:19:59","modified_gmt":"2026-03-14T21:19:59","slug":"palette-en-verre-rgg-painter-lite","status":"publish","type":"product","link":"https:\/\/www.redgrasscreative.com\/fr\/produit\/palette-en-verre-rgg-painter-lite\/","title":{"rendered":"RGG Glass Palette &#8211; Painter Lite"},"content":{"rendered":"<p><span style=\"vertical-align: inherit;\"><span style=\"vertical-align: inherit;\">RGG Glass Palette pour Painter Lite et v1 !<\/span><\/span><\/p>\n<p><span style=\"vertical-align: inherit;\"><span style=\"vertical-align: inherit;\">Les peintures \u00e0 l&rsquo;huile offrent un ensemble unique de caract\u00e9ristiques et de r\u00e9compenses pour les peintres de miniatures. Elles peuvent \u00eatre travaill\u00e9es pendant longtemps pour cr\u00e9er facilement des effets avanc\u00e9s, tels que le superposition et le m\u00e9lange lisse. <\/span><\/span><\/p>\n<p><span style=\"vertical-align: inherit;\"><span style=\"vertical-align: inherit;\">Nous avons con\u00e7u une plaque de verre, afin que vous puissiez transformer votre palette humide RGG en une palette s\u00e8che. Elle est parfaite pour la peinture \u00e0 l&rsquo;huile et les techniques de vieillissement. Lorsqu&rsquo;elle est scell\u00e9e \u00e0 l&rsquo;int\u00e9rieur de notre bo\u00eetier Painter Lite ou v1, elle gardera vos peintures \u00e0 l&rsquo;huile fra\u00eeches plus longtemps. Vos peintures sont pr\u00eates \u00e0 \u00eatre utilis\u00e9es o\u00f9 et quand vous le d\u00e9cidez.   <\/span><\/span><\/p>\n<p><span style=\"vertical-align: inherit;\"><span style=\"vertical-align: inherit;\">Cette palette s\u00e8che vous servira de mani\u00e8re fiable pendant longtemps. La palette est en verre tremp\u00e9, avec des bords biseaut\u00e9s, des coins arrondis pour une manipulation facile et s\u00fbre. Le fond gris neutre vous donnera la meilleure perception des couleurs. La surface elle-m\u00eame peut \u00eatre facilement nettoy\u00e9e. 4 pieds durables la maintiendront stable.    <\/span><\/span><\/p>\n<p><span style=\"vertical-align: inherit;\"><span style=\"vertical-align: inherit;\">RGG Glass Palette Painter Lite, compatible avec Painter v1 et Lite, offrira une surface de travail de 189 x 139mm (7.4&Prime; x 5.5&Prime;).<\/span><\/span><\/p>\n<p><span style=\"vertical-align: inherit;\"><span style=\"vertical-align: inherit;\">Contenu de la bo\u00eete :<\/span><\/span><\/p>\n<ul>\n<li><span style=\"vertical-align: inherit;\"><span style=\"vertical-align: inherit;\">RGG Glass Palette pour Painter Lite &#8211; Gris Naturel<\/span><\/span><\/li>\n<li><span style=\"vertical-align: inherit;\"><span style=\"vertical-align: inherit;\">4 pieds en caoutchouc<\/span><\/span><\/li>\n<\/ul>\n","protected":false},"excerpt":{"rendered":"<p><span style=\"vertical-align: inherit;\"><span style=\"vertical-align: inherit;\">RGG Glass Palette Painter Lite et v1, offrira une surface de plus de 189 x 139mm (7.4&Prime; x 5.5&Prime;)<\/span><\/span><\/p>\n<p><span style=\"vertical-align: inherit;\"><span style=\"vertical-align: inherit;\">Compatible avec nos bo\u00eetiers Painter Lite et v1, pour garder vos peintures en s\u00e9curit\u00e9 et pour longtemps lorsqu&rsquo;elles sont ferm\u00e9es.<\/span><\/span><\/p>\n<p><span style=\"vertical-align: inherit;\"><span style=\"vertical-align: inherit;\">Fabriqu\u00e9e en verre tremp\u00e9, avec des bords biseaut\u00e9s, des coins arrondis pour une manipulation facile et s\u00fbre, cette palette s\u00e8che vous servira de mani\u00e8re fiable pendant longtemps.<\/span><\/span><\/p>\n<p><span style=\"vertical-align: inherit;\"><span style=\"vertical-align: inherit;\">Sp\u00e9cialement d\u00e9velopp\u00e9e pour les peintures \u00e0 l&rsquo;huile, elle est \u00e9galement compatible avec les acryliques lorsque vous avez besoin de travailler avec des techniques s\u00e8ches.<\/span><\/span><\/p>\n<p><span style=\"vertical-align: inherit;\"><span style=\"vertical-align: inherit;\">Le fond gris neutre que nous utilisons vous donnera la meilleure perception des couleurs.<\/span><\/span><\/p>\n<p><span style=\"vertical-align: inherit;\"><span style=\"vertical-align: inherit;\">La surface elle-m\u00eame peut \u00eatre facilement nettoy\u00e9e. 4 pieds en caoutchouc la maintiendront stable. <\/span><\/span><\/p>\n","protected":false},"featured_media":311851,"comment_status":"open","ping_status":"closed","template":"","meta":{"_acf_changed":false},"product_brand":[],"product_cat":[742,917,1235],"product_tag":[],"class_list":{"0":"post-384491","1":"product","2":"type-product","3":"status-publish","4":"has-post-thumbnail","6":"product_cat-black-friday-fr","7":"product_cat-palette-en-verre","8":"product_cat-vente-au-detail","10":"first","11":"instock","12":"taxable","13":"shipping-taxable","14":"purchasable","15":"product-type-variable"},"acf":[],"_links":{"self":[{"href":"https:\/\/www.redgrasscreative.com\/fr\/wp-json\/wp\/v2\/product\/384491","targetHints":{"allow":["GET"]}}],"collection":[{"href":"https:\/\/www.redgrasscreative.com\/fr\/wp-json\/wp\/v2\/product"}],"about":[{"href":"https:\/\/www.redgrasscreative.com\/fr\/wp-json\/wp\/v2\/types\/product"}],"replies":[{"embeddable":true,"href":"https:\/\/www.redgrasscreative.com\/fr\/wp-json\/wp\/v2\/comments?post=384491"}],"version-history":[{"count":2,"href":"https:\/\/www.redgrasscreative.com\/fr\/wp-json\/wp\/v2\/product\/384491\/revisions"}],"predecessor-version":[{"id":398964,"href":"https:\/\/www.redgrasscreative.com\/fr\/wp-json\/wp\/v2\/product\/384491\/revisions\/398964"}],"wp:featuredmedia":[{"embeddable":true,"href":"https:\/\/www.redgrasscreative.com\/fr\/wp-json\/wp\/v2\/media\/311851"}],"wp:attachment":[{"href":"https:\/\/www.redgrasscreative.com\/fr\/wp-json\/wp\/v2\/media?parent=384491"}],"wp:term":[{"taxonomy":"product_brand","embeddable":true,"href":"https:\/\/www.redgrasscreative.com\/fr\/wp-json\/wp\/v2\/product_brand?post=384491"},{"taxonomy":"product_cat","embeddable":true,"href":"https:\/\/www.redgrasscreative.com\/fr\/wp-json\/wp\/v2\/product_cat?post=384491"},{"taxonomy":"product_tag","embeddable":true,"href":"https:\/\/www.redgrasscreative.com\/fr\/wp-json\/wp\/v2\/product_tag?post=384491"}],"curies":[{"name":"wp","href":"https:\/\/api.w.org\/{rel}","templated":true}]}}