{"id":384493,"date":"2021-06-10T15:47:27","date_gmt":"2021-06-10T13:47:27","guid":{"rendered":"https:\/\/www.redgrasscreative.com\/product\/new-wavy-v2\/"},"modified":"2026-05-05T02:12:33","modified_gmt":"2026-05-05T00:12:33","slug":"new-wavy-v2","status":"publish","type":"product","link":"https:\/\/www.redgrasscreative.com\/fr\/produit\/new-wavy-v2\/","title":{"rendered":"Nouveau Wavy v2"},"content":{"rendered":"<p>L&rsquo;accessoire wavy est de retour, et am\u00e9lior\u00e9 pour \u00eatre encore meilleur qu&rsquo;avant.<br \/>\nParfait pour m\u00e9langer les encres et les lavis, il sert \u00e9galement de repose-pinceaux pendant que vous peignez avec d&rsquo;autres pinceaux !<br \/>\nNous travaillons sur une nouvelle finition de surface pour le rendre plus facile \u00e0 nettoyer que notre design actuel, et notre wavy v2 fonctionne avec le nouveau syst\u00e8me de verrouillage coulissant, bien que de l&rsquo;espace ait \u00e9t\u00e9 pr\u00e9vu pour des aimants si vous souhaitez le rendre compatible avec vos palettes v1.  <\/p>\n","protected":false},"excerpt":{"rendered":"<p>Nouveau wavy avec une finition de surface am\u00e9lior\u00e9e, compatible avec la s\u00e9rie v2.<\/p>\n","protected":false},"featured_media":391916,"comment_status":"open","ping_status":"closed","template":"","meta":{"_acf_changed":false},"product_brand":[],"product_cat":[85,742,1235],"product_tag":[],"class_list":{"0":"post-384493","1":"product","2":"type-product","3":"status-publish","4":"has-post-thumbnail","6":"product_cat-accessoires-fr","7":"product_cat-black-friday-fr","8":"product_cat-vente-au-detail","10":"first","11":"outofstock","12":"taxable","13":"shipping-taxable","14":"purchasable","15":"product-type-variable"},"acf":[],"_links":{"self":[{"href":"https:\/\/www.redgrasscreative.com\/fr\/wp-json\/wp\/v2\/product\/384493","targetHints":{"allow":["GET"]}}],"collection":[{"href":"https:\/\/www.redgrasscreative.com\/fr\/wp-json\/wp\/v2\/product"}],"about":[{"href":"https:\/\/www.redgrasscreative.com\/fr\/wp-json\/wp\/v2\/types\/product"}],"replies":[{"embeddable":true,"href":"https:\/\/www.redgrasscreative.com\/fr\/wp-json\/wp\/v2\/comments?post=384493"}],"version-history":[{"count":2,"href":"https:\/\/www.redgrasscreative.com\/fr\/wp-json\/wp\/v2\/product\/384493\/revisions"}],"predecessor-version":[{"id":399409,"href":"https:\/\/www.redgrasscreative.com\/fr\/wp-json\/wp\/v2\/product\/384493\/revisions\/399409"}],"wp:featuredmedia":[{"embeddable":true,"href":"https:\/\/www.redgrasscreative.com\/fr\/wp-json\/wp\/v2\/media\/391916"}],"wp:attachment":[{"href":"https:\/\/www.redgrasscreative.com\/fr\/wp-json\/wp\/v2\/media?parent=384493"}],"wp:term":[{"taxonomy":"product_brand","embeddable":true,"href":"https:\/\/www.redgrasscreative.com\/fr\/wp-json\/wp\/v2\/product_brand?post=384493"},{"taxonomy":"product_cat","embeddable":true,"href":"https:\/\/www.redgrasscreative.com\/fr\/wp-json\/wp\/v2\/product_cat?post=384493"},{"taxonomy":"product_tag","embeddable":true,"href":"https:\/\/www.redgrasscreative.com\/fr\/wp-json\/wp\/v2\/product_tag?post=384493"}],"curies":[{"name":"wp","href":"https:\/\/api.w.org\/{rel}","templated":true}]}}