{"id":384495,"date":"2021-06-10T15:42:36","date_gmt":"2021-06-10T13:42:36","guid":{"rendered":"https:\/\/www.redgrasscreative.com\/product\/support-de-pot-anti-renversement\/"},"modified":"2026-01-05T22:46:36","modified_gmt":"2026-01-05T21:46:36","slug":"support-de-pot-anti-renversement","status":"publish","type":"product","link":"https:\/\/www.redgrasscreative.com\/fr\/produit\/support-de-pot-anti-renversement\/","title":{"rendered":"Support de pot anti-renversement"},"content":{"rendered":"<p>Notre nouveau support de pot anti-renversement, avec notre nouveau syst\u00e8me de verrouillage coulissant pour les accessoires, facilite encore plus l&rsquo;ajout s\u00e9curis\u00e9 d&rsquo;accessoires \u00e0 votre palette. Le support de pot anti-renversement est id\u00e9al pour \u00e9viter que vos peintures et encres ne se renversent !<\/p>\n","protected":false},"excerpt":{"rendered":"<p>La meilleure palette humide pour miniatures est de retour, compl\u00e8tement transform\u00e9e avec une multitude de nouvelles fonctionnalit\u00e9s. L&rsquo;accessoire de support de pot anti-renversement est id\u00e9al pour \u00e9viter que vos peintures et encres ne se renversent !<\/p>\n","protected":false},"featured_media":328145,"comment_status":"open","ping_status":"closed","template":"","meta":{"_acf_changed":false},"product_brand":[],"product_cat":[85,742,1235],"product_tag":[86],"class_list":{"0":"post-384495","1":"product","2":"type-product","3":"status-publish","4":"has-post-thumbnail","6":"product_cat-accessoires-fr","7":"product_cat-black-friday-fr","8":"product_cat-vente-au-detail","9":"product_tag-accessories-fr","11":"first","12":"instock","13":"taxable","14":"shipping-taxable","15":"purchasable","16":"product-type-variable"},"acf":[],"_links":{"self":[{"href":"https:\/\/www.redgrasscreative.com\/fr\/wp-json\/wp\/v2\/product\/384495","targetHints":{"allow":["GET"]}}],"collection":[{"href":"https:\/\/www.redgrasscreative.com\/fr\/wp-json\/wp\/v2\/product"}],"about":[{"href":"https:\/\/www.redgrasscreative.com\/fr\/wp-json\/wp\/v2\/types\/product"}],"replies":[{"embeddable":true,"href":"https:\/\/www.redgrasscreative.com\/fr\/wp-json\/wp\/v2\/comments?post=384495"}],"version-history":[{"count":0,"href":"https:\/\/www.redgrasscreative.com\/fr\/wp-json\/wp\/v2\/product\/384495\/revisions"}],"wp:featuredmedia":[{"embeddable":true,"href":"https:\/\/www.redgrasscreative.com\/fr\/wp-json\/wp\/v2\/media\/328145"}],"wp:attachment":[{"href":"https:\/\/www.redgrasscreative.com\/fr\/wp-json\/wp\/v2\/media?parent=384495"}],"wp:term":[{"taxonomy":"product_brand","embeddable":true,"href":"https:\/\/www.redgrasscreative.com\/fr\/wp-json\/wp\/v2\/product_brand?post=384495"},{"taxonomy":"product_cat","embeddable":true,"href":"https:\/\/www.redgrasscreative.com\/fr\/wp-json\/wp\/v2\/product_cat?post=384495"},{"taxonomy":"product_tag","embeddable":true,"href":"https:\/\/www.redgrasscreative.com\/fr\/wp-json\/wp\/v2\/product_tag?post=384495"}],"curies":[{"name":"wp","href":"https:\/\/api.w.org\/{rel}","templated":true}]}}