{"id":384497,"date":"2021-06-10T14:41:58","date_gmt":"2021-06-10T12:41:58","guid":{"rendered":"https:\/\/www.redgrasscreative.com\/product\/15x-membranes-reutilisables-studio-v2-pour-palette-humide-everlasting\/"},"modified":"2026-02-27T19:19:17","modified_gmt":"2026-02-27T18:19:17","slug":"15x-membranes-reutilisables-studio-v2-pour-palette-humide-everlasting","status":"publish","type":"product","link":"https:\/\/www.redgrasscreative.com\/fr\/produit\/15x-membranes-reutilisables-studio-v2-pour-palette-humide-everlasting\/","title":{"rendered":"15x Membranes R\u00e9utilisables Studio v2 pour Everlasting Wet Palette"},"content":{"rendered":"<p>Nos nouvelles membranes r\u00e9utilisables pour Studio v2.<\/p>\n<ul>\n<li class=\"list-disc\">15x Membranes R\u00e9utilisables Studio v2<\/li>\n<\/ul>\n","protected":false},"excerpt":{"rendered":"<p>La meilleure palette humide pour miniatures est de retour, enti\u00e8rement transform\u00e9e avec une multitude de nouvelles fonctionnalit\u00e9s. Avec ce pack, ajoutez 15 membranes r\u00e9utilisables aux performances d&rsquo;hydratation remarquables. Pour Studio v2, \u00e9galement compatible avec Studio v1 et Studio Lite.  <\/p>\n","protected":false},"featured_media":296260,"comment_status":"open","ping_status":"closed","template":"","meta":{"_acf_changed":false},"product_brand":[],"product_cat":[742,82,803,1235],"product_tag":[],"class_list":{"0":"post-384497","1":"product","2":"type-product","3":"status-publish","4":"has-post-thumbnail","6":"product_cat-black-friday-fr","7":"product_cat-everlasting-wet-palette-fr-2","8":"product_cat-kickstarterv2-fr","9":"product_cat-vente-au-detail","11":"first","12":"instock","13":"taxable","14":"shipping-taxable","15":"purchasable","16":"product-type-variable"},"acf":[],"_links":{"self":[{"href":"https:\/\/www.redgrasscreative.com\/fr\/wp-json\/wp\/v2\/product\/384497","targetHints":{"allow":["GET"]}}],"collection":[{"href":"https:\/\/www.redgrasscreative.com\/fr\/wp-json\/wp\/v2\/product"}],"about":[{"href":"https:\/\/www.redgrasscreative.com\/fr\/wp-json\/wp\/v2\/types\/product"}],"replies":[{"embeddable":true,"href":"https:\/\/www.redgrasscreative.com\/fr\/wp-json\/wp\/v2\/comments?post=384497"}],"version-history":[{"count":2,"href":"https:\/\/www.redgrasscreative.com\/fr\/wp-json\/wp\/v2\/product\/384497\/revisions"}],"predecessor-version":[{"id":404697,"href":"https:\/\/www.redgrasscreative.com\/fr\/wp-json\/wp\/v2\/product\/384497\/revisions\/404697"}],"wp:featuredmedia":[{"embeddable":true,"href":"https:\/\/www.redgrasscreative.com\/fr\/wp-json\/wp\/v2\/media\/296260"}],"wp:attachment":[{"href":"https:\/\/www.redgrasscreative.com\/fr\/wp-json\/wp\/v2\/media?parent=384497"}],"wp:term":[{"taxonomy":"product_brand","embeddable":true,"href":"https:\/\/www.redgrasscreative.com\/fr\/wp-json\/wp\/v2\/product_brand?post=384497"},{"taxonomy":"product_cat","embeddable":true,"href":"https:\/\/www.redgrasscreative.com\/fr\/wp-json\/wp\/v2\/product_cat?post=384497"},{"taxonomy":"product_tag","embeddable":true,"href":"https:\/\/www.redgrasscreative.com\/fr\/wp-json\/wp\/v2\/product_tag?post=384497"}],"curies":[{"name":"wp","href":"https:\/\/api.w.org\/{rel}","templated":true}]}}