{"id":384500,"date":"2021-03-19T09:23:26","date_gmt":"2021-03-19T08:23:26","guid":{"rendered":"https:\/\/www.redgrasscreative.com\/product\/3x-plaques-daccueil-en-metal-pour-poignee-de-peinture-rgg360-v2\/"},"modified":"2026-02-05T06:20:46","modified_gmt":"2026-02-05T05:20:46","slug":"3x-plaques-daccueil-en-metal-pour-poignee-de-peinture-rgg360-v2","status":"publish","type":"product","link":"https:\/\/www.redgrasscreative.com\/fr\/produit\/3x-plaques-daccueil-en-metal-pour-poignee-de-peinture-rgg360-v2\/","title":{"rendered":"3x Plaque d&rsquo;amarrage en m\u00e9tal pour RGG360 Painting Handle v2"},"content":{"rendered":"<p>Un ensemble de 3 plaques m\u00e9talliques pour s\u00e9curiser votre poign\u00e9e magn\u00e9tique RGG360 v2 pour la peinture de figurines.<\/p>\n<p>Fournies avec un support adh\u00e9sif, pour les coller sur votre bureau, tapis de peinture, couvercle de palette, etc&#8230;<\/p>\n","protected":false},"excerpt":{"rendered":"<p>Un ensemble de 3 plaques m\u00e9talliques pour s\u00e9curiser votre poign\u00e9e de peinture miniature magn\u00e9tique RGG360 v2.<\/p>\n","protected":false},"featured_media":372237,"comment_status":"open","ping_status":"closed","template":"","meta":{"_acf_changed":false},"product_brand":[],"product_cat":[181,1235],"product_tag":[],"class_list":{"0":"post-384500","1":"product","2":"type-product","3":"status-publish","4":"has-post-thumbnail","6":"product_cat-rgg-360-miniature-handle","7":"product_cat-vente-au-detail","9":"first","10":"instock","11":"taxable","12":"shipping-taxable","13":"purchasable","14":"product-type-variable"},"acf":[],"_links":{"self":[{"href":"https:\/\/www.redgrasscreative.com\/fr\/wp-json\/wp\/v2\/product\/384500","targetHints":{"allow":["GET"]}}],"collection":[{"href":"https:\/\/www.redgrasscreative.com\/fr\/wp-json\/wp\/v2\/product"}],"about":[{"href":"https:\/\/www.redgrasscreative.com\/fr\/wp-json\/wp\/v2\/types\/product"}],"replies":[{"embeddable":true,"href":"https:\/\/www.redgrasscreative.com\/fr\/wp-json\/wp\/v2\/comments?post=384500"}],"version-history":[{"count":2,"href":"https:\/\/www.redgrasscreative.com\/fr\/wp-json\/wp\/v2\/product\/384500\/revisions"}],"predecessor-version":[{"id":403475,"href":"https:\/\/www.redgrasscreative.com\/fr\/wp-json\/wp\/v2\/product\/384500\/revisions\/403475"}],"wp:featuredmedia":[{"embeddable":true,"href":"https:\/\/www.redgrasscreative.com\/fr\/wp-json\/wp\/v2\/media\/372237"}],"wp:attachment":[{"href":"https:\/\/www.redgrasscreative.com\/fr\/wp-json\/wp\/v2\/media?parent=384500"}],"wp:term":[{"taxonomy":"product_brand","embeddable":true,"href":"https:\/\/www.redgrasscreative.com\/fr\/wp-json\/wp\/v2\/product_brand?post=384500"},{"taxonomy":"product_cat","embeddable":true,"href":"https:\/\/www.redgrasscreative.com\/fr\/wp-json\/wp\/v2\/product_cat?post=384500"},{"taxonomy":"product_tag","embeddable":true,"href":"https:\/\/www.redgrasscreative.com\/fr\/wp-json\/wp\/v2\/product_tag?post=384500"}],"curies":[{"name":"wp","href":"https:\/\/api.w.org\/{rel}","templated":true}]}}