{"id":388606,"date":"2024-06-24T12:20:01","date_gmt":"2024-06-24T10:20:01","guid":{"rendered":"https:\/\/www.redgrasscreative.com\/?post_type=product&#038;p=388606"},"modified":"2026-04-11T17:19:54","modified_gmt":"2026-04-11T15:19:54","slug":"4x-capuchons-interchangeables-pour-poignee-de-peinture-rgg360-copy","status":"publish","type":"product","link":"https:\/\/www.redgrasscreative.com\/fr\/produit\/4x-capuchons-interchangeables-pour-poignee-de-peinture-rgg360-copy\/","title":{"rendered":"4 XL bouchons interchangeables pour RGG360 Painting Handle"},"content":{"rendered":"\t\t<div data-elementor-type=\"product-post\" data-elementor-id=\"388606\" class=\"elementor elementor-388606 elementor-388605\" data-elementor-post-type=\"product\">\n\t\t\t\t\t\t<section class=\"elementor-section elementor-top-section elementor-element elementor-element-42236061 elementor-section-boxed elementor-section-height-default elementor-section-height-default\" data-id=\"42236061\" data-element_type=\"section\" data-e-type=\"section\">\n\t\t\t\t\t\t<div class=\"elementor-container elementor-column-gap-default\">\n\t\t\t\t\t<div class=\"elementor-column elementor-col-100 elementor-top-column elementor-element elementor-element-1cbb1d4c\" data-id=\"1cbb1d4c\" data-element_type=\"column\" data-e-type=\"column\">\n\t\t\t<div class=\"elementor-widget-wrap elementor-element-populated\">\n\t\t\t\t\t\t<div class=\"elementor-element elementor-element-33e4f4ab elementor-widget elementor-widget-text-editor\" data-id=\"33e4f4ab\" data-element_type=\"widget\" data-e-type=\"widget\" data-widget_type=\"text-editor.default\">\n\t\t\t\t<div class=\"elementor-widget-container\">\n\t\t\t\t\t\t\t\t\t4 XL bouchons interchangeables pour le support de miniatures RGG360\u00b0 V2.\nChangez vos miniatures \u00e0 volont\u00e9, sans les toucher. Acc\u00e9l\u00e9rez votre peinture en s\u00e9rie. Chaque pack contient 4 bouchons XL suppl\u00e9mentaires pour le RGG360\u00b0 \n\n\t\t\t\t\t\t\t\t<\/div>\n\t\t\t\t<\/div>\n\t\t\t\t\t<\/div>\n\t\t<\/div>\n\t\t\t\t\t<\/div>\n\t\t<\/section>\n\t\t\t\t<section class=\"elementor-section elementor-top-section elementor-element elementor-element-91b7f29 elementor-section-boxed elementor-section-height-default elementor-section-height-default\" data-id=\"91b7f29\" data-element_type=\"section\" data-e-type=\"section\">\n\t\t\t\t\t\t<div class=\"elementor-container elementor-column-gap-default\">\n\t\t\t\t\t<div class=\"elementor-column elementor-col-100 elementor-top-column elementor-element elementor-element-8c493fc\" data-id=\"8c493fc\" data-element_type=\"column\" data-e-type=\"column\">\n\t\t\t<div class=\"elementor-widget-wrap elementor-element-populated\">\n\t\t\t\t\t\t<div class=\"elementor-element elementor-element-d7fae3a elementor-widget elementor-widget-image\" data-id=\"d7fae3a\" data-element_type=\"widget\" data-e-type=\"widget\" data-widget_type=\"image.default\">\n\t\t\t\t<div class=\"elementor-widget-container\">\n\t\t\t\t\t\t\t\t\t\t\t\t\t\t\t<img fetchpriority=\"high\" decoding=\"async\" width=\"1170\" height=\"323\" src=\"https:\/\/www.redgrasscreative.com\/wp-content\/uploads\/2024\/02\/titre-KS-XL-caps-welcoming-the-giants.png\" class=\"attachment-large size-large wp-image-376339\" alt=\"\" srcset=\"https:\/\/www.redgrasscreative.com\/wp-content\/uploads\/2024\/02\/titre-KS-XL-caps-welcoming-the-giants.png 1400w, https:\/\/www.redgrasscreative.com\/wp-content\/uploads\/2024\/02\/titre-KS-XL-caps-welcoming-the-giants-510x141.png 510w, https:\/\/www.redgrasscreative.com\/wp-content\/uploads\/2024\/02\/titre-KS-XL-caps-welcoming-the-giants-150x41.png 150w, https:\/\/www.redgrasscreative.com\/wp-content\/uploads\/2024\/02\/titre-KS-XL-caps-welcoming-the-giants-330x91.png 330w, https:\/\/www.redgrasscreative.com\/wp-content\/uploads\/2024\/02\/titre-KS-XL-caps-welcoming-the-giants-768x212.png 768w, https:\/\/www.redgrasscreative.com\/wp-content\/uploads\/2024\/02\/titre-KS-XL-caps-welcoming-the-giants-360x99.png 360w, https:\/\/www.redgrasscreative.com\/wp-content\/uploads\/2024\/02\/titre-KS-XL-caps-welcoming-the-giants-60x17.png 60w, https:\/\/www.redgrasscreative.com\/wp-content\/uploads\/2024\/02\/titre-KS-XL-caps-welcoming-the-giants-110x30.png 110w\" sizes=\"(max-width: 1170px) 100vw, 1170px\" \/>\t\t\t\t\t\t\t\t\t\t\t\t\t\t\t<\/div>\n\t\t\t\t<\/div>\n\t\t\t\t<div class=\"elementor-element elementor-element-d0b0211 elementor-widget elementor-widget-text-editor\" data-id=\"d0b0211\" data-element_type=\"widget\" data-e-type=\"widget\" data-widget_type=\"text-editor.default\">\n\t\t\t\t<div class=\"elementor-widget-container\">\n\t\t\t\t\t\t\t\t\t<p>En r\u00e9ponse \u00e0 la demande populaire de notre communaut\u00e9, nous avons con\u00e7u le nouveau bouchon XL, qui est plus courb\u00e9, plus long et plus large. Cette innovation vous permet de tenir confortablement des miniatures plus grandes et offre une option de bouchon plus long, id\u00e9ale pour ceux qui ont de plus grandes mains. <\/p>\n\t\t\t\t\t\t\t\t<\/div>\n\t\t\t\t<\/div>\n\t\t\t\t<div class=\"elementor-element elementor-element-1b1dfc3 elementor-widget elementor-widget-image\" data-id=\"1b1dfc3\" data-element_type=\"widget\" data-e-type=\"widget\" data-widget_type=\"image.default\">\n\t\t\t\t<div class=\"elementor-widget-container\">\n\t\t\t\t\t\t\t\t\t\t\t\t\t\t\t<img decoding=\"async\" width=\"1170\" height=\"780\" src=\"https:\/\/www.redgrasscreative.com\/wp-content\/uploads\/2024\/02\/swappable-Xl-cap.jpg\" class=\"attachment-large size-large wp-image-376345\" alt=\"miniature holder. painting handle with swappable interchangeable caps\" srcset=\"https:\/\/www.redgrasscreative.com\/wp-content\/uploads\/2024\/02\/swappable-Xl-cap.jpg 1400w, https:\/\/www.redgrasscreative.com\/wp-content\/uploads\/2024\/02\/swappable-Xl-cap-510x340.jpg 510w, https:\/\/www.redgrasscreative.com\/wp-content\/uploads\/2024\/02\/swappable-Xl-cap-150x100.jpg 150w, https:\/\/www.redgrasscreative.com\/wp-content\/uploads\/2024\/02\/swappable-Xl-cap-330x220.jpg 330w, https:\/\/www.redgrasscreative.com\/wp-content\/uploads\/2024\/02\/swappable-Xl-cap-768x512.jpg 768w, https:\/\/www.redgrasscreative.com\/wp-content\/uploads\/2024\/02\/swappable-Xl-cap-360x240.jpg 360w, https:\/\/www.redgrasscreative.com\/wp-content\/uploads\/2024\/02\/swappable-Xl-cap-60x40.jpg 60w, https:\/\/www.redgrasscreative.com\/wp-content\/uploads\/2024\/02\/swappable-Xl-cap-110x73.jpg 110w\" sizes=\"(max-width: 1170px) 100vw, 1170px\" \/>\t\t\t\t\t\t\t\t\t\t\t\t\t\t\t<\/div>\n\t\t\t\t<\/div>\n\t\t\t\t<div class=\"elementor-element elementor-element-1260d3b elementor-widget elementor-widget-text-editor\" data-id=\"1260d3b\" data-element_type=\"widget\" data-e-type=\"widget\" data-widget_type=\"text-editor.default\">\n\t\t\t\t<div class=\"elementor-widget-container\">\n\t\t\t\t\t\t\t\t\t<p>Notre d\u00e9fi \u00e9tait de trouver le parfait \u00e9quilibre entre largeur et longueur, garantissant que le bouchon XL reste confortable pour les tailles de main moyennes (comme les n\u00f4tres !). Si vous utilisez d\u00e9j\u00e0 le RGG360\u00b0 painting handle, ce nouveau bouchon XL sera un ajout pr\u00e9cieux et polyvalent \u00e0 votre arsenal de peinture. <\/p>\n\t\t\t\t\t\t\t\t<\/div>\n\t\t\t\t<\/div>\n\t\t\t\t<div class=\"elementor-element elementor-element-a30b2b5 elementor-widget elementor-widget-image\" data-id=\"a30b2b5\" data-element_type=\"widget\" data-e-type=\"widget\" data-widget_type=\"image.default\">\n\t\t\t\t<div class=\"elementor-widget-container\">\n\t\t\t\t\t\t\t\t\t\t\t\t\t\t\t<img decoding=\"async\" width=\"1170\" height=\"780\" src=\"https:\/\/www.redgrasscreative.com\/wp-content\/uploads\/2024\/02\/RGG360-XL-minis_.jpg\" class=\"attachment-large size-large wp-image-376347\" alt=\"\" srcset=\"https:\/\/www.redgrasscreative.com\/wp-content\/uploads\/2024\/02\/RGG360-XL-minis_.jpg 1400w, https:\/\/www.redgrasscreative.com\/wp-content\/uploads\/2024\/02\/RGG360-XL-minis_-510x340.jpg 510w, https:\/\/www.redgrasscreative.com\/wp-content\/uploads\/2024\/02\/RGG360-XL-minis_-150x100.jpg 150w, https:\/\/www.redgrasscreative.com\/wp-content\/uploads\/2024\/02\/RGG360-XL-minis_-330x220.jpg 330w, https:\/\/www.redgrasscreative.com\/wp-content\/uploads\/2024\/02\/RGG360-XL-minis_-768x512.jpg 768w, https:\/\/www.redgrasscreative.com\/wp-content\/uploads\/2024\/02\/RGG360-XL-minis_-360x240.jpg 360w, https:\/\/www.redgrasscreative.com\/wp-content\/uploads\/2024\/02\/RGG360-XL-minis_-60x40.jpg 60w, https:\/\/www.redgrasscreative.com\/wp-content\/uploads\/2024\/02\/RGG360-XL-minis_-110x73.jpg 110w\" sizes=\"(max-width: 1170px) 100vw, 1170px\" \/>\t\t\t\t\t\t\t\t\t\t\t\t\t\t\t<\/div>\n\t\t\t\t<\/div>\n\t\t\t\t\t<\/div>\n\t\t<\/div>\n\t\t\t\t\t<\/div>\n\t\t<\/section>\n\t\t\t\t<\/div>\n\t\t","protected":false},"excerpt":{"rendered":"<div class=\"serp-preview\">\n<div class=\"serp-preview-wrapper\">\n<div class=\"serp-preview-body\" tabindex=\"0\" role=\"button\">\n<div class=\"group\">\n<div class=\"serp-description\">4 XL bouchons interchangeables pour le support de miniatures RGG360\u00b0 V2. Changez vos miniatures \u00e0 volont\u00e9, sans les toucher. Acc\u00e9l\u00e9rez votre peinture en s\u00e9rie.  <\/div>\n<\/div>\n<\/div>\n<\/div>\n<\/div>\n","protected":false},"featured_media":388610,"comment_status":"open","ping_status":"closed","template":"elementor_theme","meta":{"_acf_changed":false},"product_brand":[],"product_cat":[742,1131,181,1235],"product_tag":[],"class_list":{"0":"post-388606","1":"product","2":"type-product","3":"status-publish","4":"has-post-thumbnail","6":"product_cat-black-friday-fr","7":"product_cat-nouveau","8":"product_cat-rgg-360-miniature-handle","9":"product_cat-vente-au-detail","11":"first","12":"instock","13":"taxable","14":"shipping-taxable","15":"purchasable","16":"product-type-variable"},"acf":[],"_links":{"self":[{"href":"https:\/\/www.redgrasscreative.com\/fr\/wp-json\/wp\/v2\/product\/388606","targetHints":{"allow":["GET"]}}],"collection":[{"href":"https:\/\/www.redgrasscreative.com\/fr\/wp-json\/wp\/v2\/product"}],"about":[{"href":"https:\/\/www.redgrasscreative.com\/fr\/wp-json\/wp\/v2\/types\/product"}],"replies":[{"embeddable":true,"href":"https:\/\/www.redgrasscreative.com\/fr\/wp-json\/wp\/v2\/comments?post=388606"}],"version-history":[{"count":4,"href":"https:\/\/www.redgrasscreative.com\/fr\/wp-json\/wp\/v2\/product\/388606\/revisions"}],"predecessor-version":[{"id":395810,"href":"https:\/\/www.redgrasscreative.com\/fr\/wp-json\/wp\/v2\/product\/388606\/revisions\/395810"}],"wp:featuredmedia":[{"embeddable":true,"href":"https:\/\/www.redgrasscreative.com\/fr\/wp-json\/wp\/v2\/media\/388610"}],"wp:attachment":[{"href":"https:\/\/www.redgrasscreative.com\/fr\/wp-json\/wp\/v2\/media?parent=388606"}],"wp:term":[{"taxonomy":"product_brand","embeddable":true,"href":"https:\/\/www.redgrasscreative.com\/fr\/wp-json\/wp\/v2\/product_brand?post=388606"},{"taxonomy":"product_cat","embeddable":true,"href":"https:\/\/www.redgrasscreative.com\/fr\/wp-json\/wp\/v2\/product_cat?post=388606"},{"taxonomy":"product_tag","embeddable":true,"href":"https:\/\/www.redgrasscreative.com\/fr\/wp-json\/wp\/v2\/product_tag?post=388606"}],"curies":[{"name":"wp","href":"https:\/\/api.w.org\/{rel}","templated":true}]}}