{"id":388874,"date":"2024-06-24T12:44:33","date_gmt":"2024-06-24T10:44:33","guid":{"rendered":"https:\/\/www.redgrasscreative.com\/product\/4-socles-lieges-pour-epinglage-pour-rgg360-v2\/"},"modified":"2026-01-12T11:55:48","modified_gmt":"2026-01-12T10:55:48","slug":"4-socles-lieges-pour-epinglage-pour-rgg360-v2","status":"publish","type":"product","link":"https:\/\/www.redgrasscreative.com\/fr\/produit\/4-socles-lieges-pour-epinglage-pour-rgg360-v2\/","title":{"rendered":"4 bouchons de li\u00e8ge pour RGG360 v2"},"content":{"rendered":"\t\t<div data-elementor-type=\"product-post\" data-elementor-id=\"388874\" class=\"elementor elementor-388874 elementor-388626\" data-elementor-post-type=\"product\">\n\t\t\t\t\t\t<section class=\"elementor-section elementor-top-section elementor-element elementor-element-1934e77 elementor-section-boxed elementor-section-height-default elementor-section-height-default\" data-id=\"1934e77\" data-element_type=\"section\" data-e-type=\"section\">\n\t\t\t\t\t\t<div class=\"elementor-container elementor-column-gap-default\">\n\t\t\t\t\t<div class=\"elementor-column elementor-col-100 elementor-top-column elementor-element elementor-element-4cc3e62\" data-id=\"4cc3e62\" data-element_type=\"column\" data-e-type=\"column\">\n\t\t\t<div class=\"elementor-widget-wrap elementor-element-populated\">\n\t\t\t\t\t\t<div class=\"elementor-element elementor-element-03ec9aa elementor-widget elementor-widget-image\" data-id=\"03ec9aa\" data-element_type=\"widget\" data-e-type=\"widget\" data-widget_type=\"image.default\">\n\t\t\t\t<div class=\"elementor-widget-container\">\n\t\t\t\t\t\t\t\t\t\t\t\t\t\t\t<img fetchpriority=\"high\" decoding=\"async\" width=\"1170\" height=\"323\" src=\"https:\/\/www.redgrasscreative.com\/wp-content\/uploads\/2024\/02\/titre-KS-pinning-cork-focus-on-the-detail.png\" class=\"attachment-large size-large wp-image-376341\" alt=\"\" srcset=\"https:\/\/www.redgrasscreative.com\/wp-content\/uploads\/2024\/02\/titre-KS-pinning-cork-focus-on-the-detail.png 1400w, https:\/\/www.redgrasscreative.com\/wp-content\/uploads\/2024\/02\/titre-KS-pinning-cork-focus-on-the-detail-510x141.png 510w, https:\/\/www.redgrasscreative.com\/wp-content\/uploads\/2024\/02\/titre-KS-pinning-cork-focus-on-the-detail-150x41.png 150w, https:\/\/www.redgrasscreative.com\/wp-content\/uploads\/2024\/02\/titre-KS-pinning-cork-focus-on-the-detail-330x91.png 330w, https:\/\/www.redgrasscreative.com\/wp-content\/uploads\/2024\/02\/titre-KS-pinning-cork-focus-on-the-detail-768x212.png 768w, https:\/\/www.redgrasscreative.com\/wp-content\/uploads\/2024\/02\/titre-KS-pinning-cork-focus-on-the-detail-360x99.png 360w, https:\/\/www.redgrasscreative.com\/wp-content\/uploads\/2024\/02\/titre-KS-pinning-cork-focus-on-the-detail-60x17.png 60w, https:\/\/www.redgrasscreative.com\/wp-content\/uploads\/2024\/02\/titre-KS-pinning-cork-focus-on-the-detail-110x30.png 110w\" sizes=\"(max-width: 1170px) 100vw, 1170px\" \/>\t\t\t\t\t\t\t\t\t\t\t\t\t\t\t<\/div>\n\t\t\t\t<\/div>\n\t\t\t\t<div class=\"elementor-element elementor-element-c857f30 elementor-widget elementor-widget-text-editor\" data-id=\"c857f30\" data-element_type=\"widget\" data-e-type=\"widget\" data-widget_type=\"text-editor.default\">\n\t\t\t\t<div class=\"elementor-widget-container\">\n\t\t\t\t\t\t\t\t\t<p>Fabriqu\u00e9 \u00e0 partir de li\u00e8ge dense et hautement r\u00e9sistant, notre insert de bouchon de li\u00e8ge est id\u00e9al pour les peintres qui se concentrent sur des parties individuelles \u00e0 la fois, comme une \u00e9p\u00e9e ou une t\u00eate. Il est livr\u00e9 avec un adh\u00e9sif de haute qualit\u00e9, vous permettant de fixer le li\u00e8ge soit \u00e0 un petit capuchon, soit \u00e0 un capuchon XL selon votre pr\u00e9f\u00e9rence. <\/p>\n\t\t\t\t\t\t\t\t<\/div>\n\t\t\t\t<\/div>\n\t\t\t\t<div class=\"elementor-element elementor-element-f324387 elementor-widget elementor-widget-image\" data-id=\"f324387\" data-element_type=\"widget\" data-e-type=\"widget\" data-widget_type=\"image.default\">\n\t\t\t\t<div class=\"elementor-widget-container\">\n\t\t\t\t\t\t\t\t\t\t\t\t\t\t\t<img decoding=\"async\" width=\"1170\" height=\"780\" src=\"https:\/\/www.redgrasscreative.com\/wp-content\/uploads\/2024\/02\/pinning-cork-cap.jpg\" class=\"attachment-large size-large wp-image-376358\" alt=\"\" srcset=\"https:\/\/www.redgrasscreative.com\/wp-content\/uploads\/2024\/02\/pinning-cork-cap.jpg 1400w, https:\/\/www.redgrasscreative.com\/wp-content\/uploads\/2024\/02\/pinning-cork-cap-510x340.jpg 510w, https:\/\/www.redgrasscreative.com\/wp-content\/uploads\/2024\/02\/pinning-cork-cap-150x100.jpg 150w, https:\/\/www.redgrasscreative.com\/wp-content\/uploads\/2024\/02\/pinning-cork-cap-330x220.jpg 330w, https:\/\/www.redgrasscreative.com\/wp-content\/uploads\/2024\/02\/pinning-cork-cap-768x512.jpg 768w, https:\/\/www.redgrasscreative.com\/wp-content\/uploads\/2024\/02\/pinning-cork-cap-360x240.jpg 360w, https:\/\/www.redgrasscreative.com\/wp-content\/uploads\/2024\/02\/pinning-cork-cap-60x40.jpg 60w, https:\/\/www.redgrasscreative.com\/wp-content\/uploads\/2024\/02\/pinning-cork-cap-110x73.jpg 110w\" sizes=\"(max-width: 1170px) 100vw, 1170px\" \/>\t\t\t\t\t\t\t\t\t\t\t\t\t\t\t<\/div>\n\t\t\t\t<\/div>\n\t\t\t\t<div class=\"elementor-element elementor-element-8c18b36 elementor-widget elementor-widget-text-editor\" data-id=\"8c18b36\" data-element_type=\"widget\" data-e-type=\"widget\" data-widget_type=\"text-editor.default\">\n\t\t\t\t<div class=\"elementor-widget-container\">\n\t\t\t\t\t\t\t\t\tLe processus est simple : percez simplement un trou, ins\u00e9rez une tige m\u00e9tallique ou une agrafe dans la sous-partie de votre miniature, puis collez la tige dans le bouchon de li\u00e8ge. Commencez \u00e0 peindre \u2013 c&rsquo;est aussi simple que cela. De plus, avec la fonctionnalit\u00e9 360\u00b0 de notre poign\u00e9e, vous pouvez faire pivoter sans effort votre petite sous-partie pour un acc\u00e8s et une pr\u00e9cision optimaux. \n\n\t\t\t\t\t\t\t\t<\/div>\n\t\t\t\t<\/div>\n\t\t\t\t<div class=\"elementor-element elementor-element-9a385bc elementor-widget elementor-widget-image\" data-id=\"9a385bc\" data-element_type=\"widget\" data-e-type=\"widget\" data-widget_type=\"image.default\">\n\t\t\t\t<div class=\"elementor-widget-container\">\n\t\t\t\t\t\t\t\t\t\t\t\t\t\t\t<img decoding=\"async\" width=\"1170\" height=\"781\" src=\"https:\/\/www.redgrasscreative.com\/wp-content\/uploads\/2024\/02\/Pinning-cork-figurine-handle.jpg\" class=\"attachment-large size-large wp-image-376360\" alt=\"\" srcset=\"https:\/\/www.redgrasscreative.com\/wp-content\/uploads\/2024\/02\/Pinning-cork-figurine-handle.jpg 1400w, https:\/\/www.redgrasscreative.com\/wp-content\/uploads\/2024\/02\/Pinning-cork-figurine-handle-510x340.jpg 510w, https:\/\/www.redgrasscreative.com\/wp-content\/uploads\/2024\/02\/Pinning-cork-figurine-handle-150x100.jpg 150w, https:\/\/www.redgrasscreative.com\/wp-content\/uploads\/2024\/02\/Pinning-cork-figurine-handle-330x220.jpg 330w, https:\/\/www.redgrasscreative.com\/wp-content\/uploads\/2024\/02\/Pinning-cork-figurine-handle-768x512.jpg 768w, https:\/\/www.redgrasscreative.com\/wp-content\/uploads\/2024\/02\/Pinning-cork-figurine-handle-360x240.jpg 360w, https:\/\/www.redgrasscreative.com\/wp-content\/uploads\/2024\/02\/Pinning-cork-figurine-handle-60x40.jpg 60w, https:\/\/www.redgrasscreative.com\/wp-content\/uploads\/2024\/02\/Pinning-cork-figurine-handle-110x73.jpg 110w\" sizes=\"(max-width: 1170px) 100vw, 1170px\" \/>\t\t\t\t\t\t\t\t\t\t\t\t\t\t\t<\/div>\n\t\t\t\t<\/div>\n\t\t\t\t\t<\/div>\n\t\t<\/div>\n\t\t\t\t\t<\/div>\n\t\t<\/section>\n\t\t\t\t<\/div>\n\t\t","protected":false},"excerpt":{"rendered":"<p>Fabriqu\u00e9 \u00e0 partir de li\u00e8ge dense et hautement r\u00e9sistant, notre insert de bouchon de li\u00e8ge est id\u00e9al pour les peintres qui se concentrent sur des parties individuelles \u00e0 la fois, comme une \u00e9p\u00e9e ou une t\u00eate. Il est livr\u00e9 avec un adh\u00e9sif de haute qualit\u00e9, vous permettant de fixer le li\u00e8ge soit \u00e0 un petit [&hellip;]<\/p>\n","protected":false},"featured_media":388628,"comment_status":"open","ping_status":"closed","template":"elementor_theme","meta":{"_acf_changed":false},"product_brand":[],"product_cat":[181,1235],"product_tag":[],"class_list":{"0":"post-388874","1":"product","2":"type-product","3":"status-publish","4":"has-post-thumbnail","6":"product_cat-rgg-360-miniature-handle","7":"product_cat-vente-au-detail","9":"first","10":"instock","11":"taxable","12":"shipping-taxable","13":"purchasable","14":"product-type-variable"},"acf":[],"_links":{"self":[{"href":"https:\/\/www.redgrasscreative.com\/fr\/wp-json\/wp\/v2\/product\/388874","targetHints":{"allow":["GET"]}}],"collection":[{"href":"https:\/\/www.redgrasscreative.com\/fr\/wp-json\/wp\/v2\/product"}],"about":[{"href":"https:\/\/www.redgrasscreative.com\/fr\/wp-json\/wp\/v2\/types\/product"}],"replies":[{"embeddable":true,"href":"https:\/\/www.redgrasscreative.com\/fr\/wp-json\/wp\/v2\/comments?post=388874"}],"version-history":[{"count":5,"href":"https:\/\/www.redgrasscreative.com\/fr\/wp-json\/wp\/v2\/product\/388874\/revisions"}],"predecessor-version":[{"id":395806,"href":"https:\/\/www.redgrasscreative.com\/fr\/wp-json\/wp\/v2\/product\/388874\/revisions\/395806"}],"wp:featuredmedia":[{"embeddable":true,"href":"https:\/\/www.redgrasscreative.com\/fr\/wp-json\/wp\/v2\/media\/388628"}],"wp:attachment":[{"href":"https:\/\/www.redgrasscreative.com\/fr\/wp-json\/wp\/v2\/media?parent=388874"}],"wp:term":[{"taxonomy":"product_brand","embeddable":true,"href":"https:\/\/www.redgrasscreative.com\/fr\/wp-json\/wp\/v2\/product_brand?post=388874"},{"taxonomy":"product_cat","embeddable":true,"href":"https:\/\/www.redgrasscreative.com\/fr\/wp-json\/wp\/v2\/product_cat?post=388874"},{"taxonomy":"product_tag","embeddable":true,"href":"https:\/\/www.redgrasscreative.com\/fr\/wp-json\/wp\/v2\/product_tag?post=388874"}],"curies":[{"name":"wp","href":"https:\/\/api.w.org\/{rel}","templated":true}]}}