{"id":395897,"date":"2020-12-03T11:21:36","date_gmt":"2020-12-03T10:21:36","guid":{"rendered":"https:\/\/www.redgrasscreative.com\/product\/cadeau-premium-pour-debutant-en-peinture-de-miniatures-redgrassgames-livre-de-peinture-gratuit\/"},"modified":"2025-02-28T15:40:51","modified_gmt":"2025-02-28T14:40:51","slug":"cadeau-premium-pour-debutant-en-peinture-de-miniatures-redgrassgames-livre-de-peinture-gratuit","status":"publish","type":"product","link":"https:\/\/www.redgrasscreative.com\/fr\/produit\/cadeau-premium-pour-debutant-en-peinture-de-miniatures-redgrassgames-livre-de-peinture-gratuit\/","title":{"rendered":"Cadeau premium pour d\u00e9butant en peinture de miniatures &#8211; Redgrassgames &#8211; Livre de peinture gratuit"},"content":{"rendered":"<h4>Cadeau premium pour d\u00e9butant en peinture de miniatures pour No\u00ebl.<\/h4>\n<p>Si vous commencez \u00e0 peindre des miniatures, vous aurez besoin des meilleurs outils de peinture : notre Cadeau Premium pour D\u00e9butant en Peinture de Miniatures. Une palette humide Everlasting, une poign\u00e9e de peinture ergonomique RGG360 et un ensemble de pinceaux premium vous permettront de commencer rapidement.<br \/>\nLa plupart des hobbyistes prennent la peinture de hobby au s\u00e9rieux, mais certains plus que d&rsquo;autres. Pour les d\u00e9butants, nous avons cr\u00e9\u00e9 les meilleurs outils de peinture et un livre de peinture gratuit d&rsquo;Angel Giraldez.  <\/p>\n<h4>Les meilleurs outils vous aideront \u00e0 am\u00e9liorer rapidement votre peinture<\/h4>\n<p>Avec l&rsquo;<a href=\"https:\/\/www.redgrasscreative.com\/painter-starter-pack\/\">Everlasting Painter Wet Palette Starter<\/a>, vous pouvez peindre un projet rapide ou emporter votre peinture en d\u00e9placement. Nos palettes humides maintiendront votre peinture fra\u00eeche et pr\u00eate \u00e0 l&#8217;emploi, prot\u00e9geront vos m\u00e9langes et dilutions, et vous aideront \u00e0 \u00e9conomiser du temps, de la peinture et \u00e0 ma\u00eetriser des techniques avanc\u00e9es. Il s&rsquo;agit en r\u00e9alit\u00e9 d&rsquo;un outil indispensable pour les amateurs s\u00e9rieux.  <\/p>\n<p>Pour manipuler vos figurines, procurez-vous l&rsquo;un de nos supports de peinture <a href=\"https:\/\/www.redgrasscreative.com\/holder\/\">RGG360 V2<\/a>, avec 4 embouts suppl\u00e9mentaires. Ils vous apporteront pr\u00e9cision et rapidit\u00e9, tout en am\u00e9liorant votre confort global lors de la peinture. Le support pour figurine poss\u00e8de une forme ergonomique unique. Les embouts rotatifs amortis et interchangeables \u00e0 360\u00b0 acc\u00e9l\u00e8rent votre processus de peinture. De plus, le syst\u00e8me d&rsquo;ancrage magn\u00e9tique stabilisera votre figurine entre les sessions.    <\/p>\n<p>Nos <a href=\"https:\/\/www.redgrasscreative.com\/miniature-painting-brushes\/\">ensembles complets de pinceaux<\/a> vous \u00e9l\u00e8veront \u00e0 un niveau sup\u00e9rieur de peinture. Des pointes fines et de larges ventres les caract\u00e9risent principalement. La taille n\u00b02 sera votre pinceau principal, tandis que le Double 0 vous offrira une pr\u00e9cision ultime pour peindre les yeux et les d\u00e9tails les plus fins.  <\/p>\n<h4>Notre livre de peinture gratuit est une ressource inestimable pour tout d\u00e9butant<\/h4>\n<p>Pour compl\u00e9ter nos produits acclam\u00e9s par les peintres professionnels, quoi de mieux qu&rsquo;un ouvrage de peinture r\u00e9dig\u00e9 par l&rsquo;un des peintres de miniatures les plus renomm\u00e9s : Angel Giraldez. Gr\u00e2ce \u00e0 ce manuel de peinture, vous ma\u00eetriserez toutes les techniques fondamentales : la th\u00e9orie des couleurs, les techniques de dilution, les bases de la manipulation du pinceau, les techniques de fusion, le brossage \u00e0 sec, le glacis, le pointillisme, les lavis, la peinture des yeux&#8230; <\/p>\n<p>Ensuite, offrez le meilleur cadeau de Redgrassgames, et commencez \u00e0 peindre avec une qualit\u00e9 sup\u00e9rieure gr\u00e2ce \u00e0 notre coffret cadeau premium pour d\u00e9butants en peinture de miniatures.<\/p>\n","protected":false},"excerpt":{"rendered":"<p><strong>Attention, nous avons arr\u00eat\u00e9 de vendre ce produit.<\/strong><\/p>\n<p><strong>Mais ne vous inqui\u00e9tez pas, n&rsquo;h\u00e9sitez pas \u00e0 parcourir notre <a href=\"https:\/\/www.redgrasscreative.com\/redgrassgames-the-best-place-to-buy-your-miniature-painting-tools\/\">boutique pour plus de trucs sympas!<\/a><\/strong><\/p>\n<p><a href=\"https:\/\/www.redgrasscreative.com\/redgrassgames-the-best-place-to-buy-your-miniature-painting-tools\/\"><img fetchpriority=\"high\" decoding=\"async\" class=\"wp-image-371145 size-full alignnone\" src=\"https:\/\/www.redgrasscreative.com\/wp-content\/uploads\/2020\/12\/Oops.jpg\" alt=\"\" width=\"500\" height=\"200\" srcset=\"https:\/\/www.redgrasscreative.com\/wp-content\/uploads\/2020\/12\/Oops.jpg 500w, https:\/\/www.redgrasscreative.com\/wp-content\/uploads\/2020\/12\/Oops-150x60.jpg 150w, https:\/\/www.redgrasscreative.com\/wp-content\/uploads\/2020\/12\/Oops-330x132.jpg 330w, https:\/\/www.redgrasscreative.com\/wp-content\/uploads\/2020\/12\/Oops-360x144.jpg 360w, https:\/\/www.redgrasscreative.com\/wp-content\/uploads\/2020\/12\/Oops-60x24.jpg 60w, https:\/\/www.redgrasscreative.com\/wp-content\/uploads\/2020\/12\/Oops-110x44.jpg 110w\" sizes=\"(max-width: 500px) 100vw, 500px\" \/><\/a><\/p>\n","protected":false},"featured_media":286667,"comment_status":"closed","ping_status":"closed","template":"","meta":{"_acf_changed":false},"product_brand":[],"product_cat":[183,958,1235],"product_tag":[1014],"class_list":{"0":"post-395897","1":"product","2":"type-product","3":"status-publish","4":"has-post-thumbnail","6":"product_cat-christmas-fr","7":"product_cat-lots","8":"product_cat-vente-au-detail","9":"product_tag-debutant","11":"first","12":"outofstock","13":"virtual","14":"taxable","15":"purchasable","16":"product-type-simple"},"acf":[],"_links":{"self":[{"href":"https:\/\/www.redgrasscreative.com\/fr\/wp-json\/wp\/v2\/product\/395897","targetHints":{"allow":["GET"]}}],"collection":[{"href":"https:\/\/www.redgrasscreative.com\/fr\/wp-json\/wp\/v2\/product"}],"about":[{"href":"https:\/\/www.redgrasscreative.com\/fr\/wp-json\/wp\/v2\/types\/product"}],"replies":[{"embeddable":true,"href":"https:\/\/www.redgrasscreative.com\/fr\/wp-json\/wp\/v2\/comments?post=395897"}],"version-history":[{"count":1,"href":"https:\/\/www.redgrasscreative.com\/fr\/wp-json\/wp\/v2\/product\/395897\/revisions"}],"predecessor-version":[{"id":404680,"href":"https:\/\/www.redgrasscreative.com\/fr\/wp-json\/wp\/v2\/product\/395897\/revisions\/404680"}],"wp:featuredmedia":[{"embeddable":true,"href":"https:\/\/www.redgrasscreative.com\/fr\/wp-json\/wp\/v2\/media\/286667"}],"wp:attachment":[{"href":"https:\/\/www.redgrasscreative.com\/fr\/wp-json\/wp\/v2\/media?parent=395897"}],"wp:term":[{"taxonomy":"product_brand","embeddable":true,"href":"https:\/\/www.redgrasscreative.com\/fr\/wp-json\/wp\/v2\/product_brand?post=395897"},{"taxonomy":"product_cat","embeddable":true,"href":"https:\/\/www.redgrasscreative.com\/fr\/wp-json\/wp\/v2\/product_cat?post=395897"},{"taxonomy":"product_tag","embeddable":true,"href":"https:\/\/www.redgrasscreative.com\/fr\/wp-json\/wp\/v2\/product_tag?post=395897"}],"curies":[{"name":"wp","href":"https:\/\/api.w.org\/{rel}","templated":true}]}}