{"id":395904,"date":"2020-12-02T22:20:39","date_gmt":"2020-12-02T21:20:39","guid":{"rendered":"https:\/\/www.redgrasscreative.com\/product\/tout-inclus-redgrassgames-cadeau-ultime-pour-la-peinture-de-miniatures-livre-de-peinture-gratuit\/"},"modified":"2025-02-28T15:41:13","modified_gmt":"2025-02-28T14:41:13","slug":"tout-inclus-redgrassgames-cadeau-ultime-pour-la-peinture-de-miniatures-livre-de-peinture-gratuit","status":"publish","type":"product","link":"https:\/\/www.redgrasscreative.com\/fr\/produit\/tout-inclus-redgrassgames-cadeau-ultime-pour-la-peinture-de-miniatures-livre-de-peinture-gratuit\/","title":{"rendered":"Tout inclus &#8211; Redgrassgames &#8211; Cadeau ultime pour la peinture de miniatures &#8211; Livre de peinture gratuit"},"content":{"rendered":"<p>Le cadeau ultime pour No\u00ebl : la peinture de miniatures.<\/p>\n<p>Pour la premi\u00e8re fois, tout l&rsquo;assortiment de Redgrassgames dans un immense ensemble.<br \/>\nLa plupart des amateurs prennent la peinture de hobby au s\u00e9rieux, mais certains plus que d&rsquo;autres. Pour eux, nous avons cr\u00e9\u00e9 le cadeau ultime pour la peinture de miniatures : un ensemble complet de produits Redgrassgames, comprenant les meilleurs outils et un livre de peinture d&rsquo;Angel Giraldez. <\/p>\n<p>Avec la <a href=\"https:\/\/www.redgrasscreative.com\/everlasting-wet-palette\/everlasting-wet-palette-painter\/\">Palette Humide Everlasting Painter<\/a>, vous pouvez peindre un projet rapide ou emporter votre peinture en d\u00e9placement. Si vous devez commencer un projet d&rsquo;arm\u00e9e de grande envergure, la <a href=\"https:\/\/www.redgrasscreative.com\/everlasting-wet-palette\/everlasting-wet-palette-studio-xl\/\">Palette Humide Studio<\/a> est \u00e0 votre disposition. Quel que soit le mod\u00e8le, nos palettes humides garderont votre peinture fra\u00eeche et pr\u00eate \u00e0 l&#8217;emploi, prot\u00e9geront vos m\u00e9langes et dilutions, et vous aideront \u00e0 gagner du temps, \u00e9conomiser de la peinture et ma\u00eetriser des techniques avanc\u00e9es.<br \/>\nPour manipuler vos miniatures, munissez-vous de deux de nos poign\u00e9es de peinture <a href=\"https:\/\/www.redgrasscreative.com\/holder\/\">RGG360 V2<\/a>, avec des embouts suppl\u00e9mentaires. Elles vous offriront pr\u00e9cision et rapidit\u00e9, tout en am\u00e9liorant votre confort g\u00e9n\u00e9ral lors de la peinture.<br \/>\nNos <a href=\"https:\/\/www.redgrasscreative.com\/miniature-painting-brushes\/\">ensembles complets de pinceaux<\/a> vous feront atteindre un niveau sup\u00e9rieur en peinture. Des pointes fines et de larges r\u00e9servoirs les caract\u00e9risent principalement.<br \/>\nPour pr\u00e9parer vos miniatures, nous avons \u00e9galement inclus la meilleure pince coupante disponible sur le march\u00e9. Vous couperez le plastique comme dans du beurre.     <\/p>\n<p>Et pour compl\u00e9ter nos produits acclam\u00e9s par les peintres professionnels, quoi de mieux qu&rsquo;un livre de peinture de l&rsquo;un des peintres de miniatures les plus renomm\u00e9s : Angel Giraldez.<\/p>\n<p>Offrez le cadeau ultime de Redgrassgames et commencez \u00e0 peindre mieux.<\/p>\n","protected":false},"excerpt":{"rendered":"<p><strong>Attention, nous avons arr\u00eat\u00e9 de vendre ce produit.<\/strong><\/p>\n<p><strong>Mais ne vous inqui\u00e9tez pas, n&rsquo;h\u00e9sitez pas \u00e0 parcourir notre <a href=\"https:\/\/www.redgrasscreative.com\/redgrassgames-the-best-place-to-buy-your-miniature-painting-tools\/\">boutique pour plus de trucs sympas!<\/a><\/strong><\/p>\n<p><a href=\"https:\/\/www.redgrasscreative.com\/redgrassgames-the-best-place-to-buy-your-miniature-painting-tools\/\"><img fetchpriority=\"high\" decoding=\"async\" class=\"wp-image-371145 size-full alignnone\" src=\"https:\/\/www.redgrasscreative.com\/wp-content\/uploads\/2020\/12\/Oops.jpg\" alt=\"\" width=\"500\" height=\"200\" srcset=\"https:\/\/www.redgrasscreative.com\/wp-content\/uploads\/2020\/12\/Oops.jpg 500w, https:\/\/www.redgrasscreative.com\/wp-content\/uploads\/2020\/12\/Oops-150x60.jpg 150w, https:\/\/www.redgrasscreative.com\/wp-content\/uploads\/2020\/12\/Oops-330x132.jpg 330w, https:\/\/www.redgrasscreative.com\/wp-content\/uploads\/2020\/12\/Oops-360x144.jpg 360w, https:\/\/www.redgrasscreative.com\/wp-content\/uploads\/2020\/12\/Oops-60x24.jpg 60w, https:\/\/www.redgrasscreative.com\/wp-content\/uploads\/2020\/12\/Oops-110x44.jpg 110w\" sizes=\"(max-width: 500px) 100vw, 500px\" \/><\/a><\/p>\n","protected":false},"featured_media":286702,"comment_status":"closed","ping_status":"closed","template":"","meta":{"_acf_changed":false},"product_brand":[],"product_cat":[183,958,1235],"product_tag":[959],"class_list":{"0":"post-395904","1":"product","2":"type-product","3":"status-publish","4":"has-post-thumbnail","6":"product_cat-christmas-fr","7":"product_cat-lots","8":"product_cat-vente-au-detail","9":"product_tag-tout-inclus","11":"first","12":"outofstock","13":"virtual","14":"taxable","15":"purchasable","16":"product-type-simple"},"acf":[],"_links":{"self":[{"href":"https:\/\/www.redgrasscreative.com\/fr\/wp-json\/wp\/v2\/product\/395904","targetHints":{"allow":["GET"]}}],"collection":[{"href":"https:\/\/www.redgrasscreative.com\/fr\/wp-json\/wp\/v2\/product"}],"about":[{"href":"https:\/\/www.redgrasscreative.com\/fr\/wp-json\/wp\/v2\/types\/product"}],"replies":[{"embeddable":true,"href":"https:\/\/www.redgrasscreative.com\/fr\/wp-json\/wp\/v2\/comments?post=395904"}],"version-history":[{"count":1,"href":"https:\/\/www.redgrasscreative.com\/fr\/wp-json\/wp\/v2\/product\/395904\/revisions"}],"predecessor-version":[{"id":404711,"href":"https:\/\/www.redgrasscreative.com\/fr\/wp-json\/wp\/v2\/product\/395904\/revisions\/404711"}],"wp:featuredmedia":[{"embeddable":true,"href":"https:\/\/www.redgrasscreative.com\/fr\/wp-json\/wp\/v2\/media\/286702"}],"wp:attachment":[{"href":"https:\/\/www.redgrasscreative.com\/fr\/wp-json\/wp\/v2\/media?parent=395904"}],"wp:term":[{"taxonomy":"product_brand","embeddable":true,"href":"https:\/\/www.redgrasscreative.com\/fr\/wp-json\/wp\/v2\/product_brand?post=395904"},{"taxonomy":"product_cat","embeddable":true,"href":"https:\/\/www.redgrasscreative.com\/fr\/wp-json\/wp\/v2\/product_cat?post=395904"},{"taxonomy":"product_tag","embeddable":true,"href":"https:\/\/www.redgrasscreative.com\/fr\/wp-json\/wp\/v2\/product_tag?post=395904"}],"curies":[{"name":"wp","href":"https:\/\/api.w.org\/{rel}","templated":true}]}}