{"id":396284,"date":"2020-10-07T13:33:55","date_gmt":"2020-10-07T11:33:55","guid":{"rendered":"https:\/\/www.redgrasscreative.com\/product\/pack-bundle-rgg360-miniature-holder-4-caps\/"},"modified":"2025-02-28T15:40:47","modified_gmt":"2025-02-28T14:40:47","slug":"pack-bundle-rgg360-miniature-holder-4-caps","status":"publish","type":"product","link":"https:\/\/www.redgrasscreative.com\/fr\/produit\/pack-bundle-rgg360-miniature-holder-4-caps\/","title":{"rendered":"Pack Bundle &#8211; RGG360 Miniature Holder + 4 Caps"},"content":{"rendered":"<p>Le RGG 360\u00b0 (brevet de conception) est l&rsquo;unique support ergonomique naturel pour figurines miniatures con\u00e7u pour cr\u00e9er la meilleure connexion entre vous et votre figurine, vous aider \u00e0 adopter la position de peinture optimale et minimiser les mouvements superflus.<br \/>\n\u2013 P\u00e2te de fixation universelle : adh\u00e8re \u00e0 toute figurine avec socle de 10 \u00e0 50 mm<br \/>\n\u2013 Le seul support offrant une rotation fluide \u00e0 360\u00b0 pour vous aider \u00e0 obtenir une meilleure peinture sous tous les angles. Sans effort !<br \/>\n\u2013 Capuchon interchangeable : Vous pouvez d\u00e9sormais peindre plusieurs figurines avec un seul support (capuchons suppl\u00e9mentaires vendus s\u00e9par\u00e9ment).<br \/>\n\u2013 Station d&rsquo;accueil magn\u00e9tique pour une stabilit\u00e9 accrue<\/p>\n<p><strong>Contenu :<\/strong><\/p>\n<ul>\n<li>1 RGG360\u00b0 V2<\/li>\n<li>4x Capuchons suppl\u00e9mentaires<\/li>\n<li>3x 15g de p\u00e2te de montage<\/li>\n<li>1x Plaque de docking en m\u00e9tal<\/li>\n<\/ul>\n","protected":false},"excerpt":{"rendered":"<p><a href=\"https:\/\/www.redgrasscreative.com\/wp-content\/uploads\/2020\/12\/Oops.jpg\"><img decoding=\"async\" class=\"alignnone size-medium wp-image-371145\" src=\"https:\/\/www.redgrasscreative.com\/wp-content\/uploads\/2020\/12\/Oops-330x132.jpg\" alt=\"\" width=\"330\" height=\"132\" srcset=\"https:\/\/www.redgrasscreative.com\/wp-content\/uploads\/2020\/12\/Oops-330x132.jpg 330w, https:\/\/www.redgrasscreative.com\/wp-content\/uploads\/2020\/12\/Oops-150x60.jpg 150w, https:\/\/www.redgrasscreative.com\/wp-content\/uploads\/2020\/12\/Oops-360x144.jpg 360w, https:\/\/www.redgrasscreative.com\/wp-content\/uploads\/2020\/12\/Oops-60x24.jpg 60w, https:\/\/www.redgrasscreative.com\/wp-content\/uploads\/2020\/12\/Oops-110x44.jpg 110w, https:\/\/www.redgrasscreative.com\/wp-content\/uploads\/2020\/12\/Oops.jpg 500w\" sizes=\"(max-width: 330px) 100vw, 330px\" \/><\/a><\/p>\n<p>Il existe une <a style=\"color: white; text-decoration: underline;\" href=\"https:\/\/www.redgrasscreative.com\/product-category\/miniature-handle\/\">nouvelle version<\/a> de ce produit.<\/p>\n","protected":false},"featured_media":282543,"comment_status":"closed","ping_status":"closed","template":"","meta":{"_acf_changed":false},"product_brand":[],"product_cat":[181,1235],"product_tag":[86,184,187,186],"class_list":{"0":"post-396284","1":"product","2":"type-product","3":"status-publish","4":"has-post-thumbnail","6":"product_cat-rgg-360-miniature-handle","7":"product_cat-vente-au-detail","8":"product_tag-accessories-fr","9":"product_tag-handle-fr","10":"product_tag-miniature-fr","11":"product_tag-painting-fr","13":"first","14":"outofstock","15":"virtual","16":"taxable","17":"purchasable","18":"product-type-simple"},"acf":[],"_links":{"self":[{"href":"https:\/\/www.redgrasscreative.com\/fr\/wp-json\/wp\/v2\/product\/396284","targetHints":{"allow":["GET"]}}],"collection":[{"href":"https:\/\/www.redgrasscreative.com\/fr\/wp-json\/wp\/v2\/product"}],"about":[{"href":"https:\/\/www.redgrasscreative.com\/fr\/wp-json\/wp\/v2\/types\/product"}],"replies":[{"embeddable":true,"href":"https:\/\/www.redgrasscreative.com\/fr\/wp-json\/wp\/v2\/comments?post=396284"}],"version-history":[{"count":2,"href":"https:\/\/www.redgrasscreative.com\/fr\/wp-json\/wp\/v2\/product\/396284\/revisions"}],"predecessor-version":[{"id":404671,"href":"https:\/\/www.redgrasscreative.com\/fr\/wp-json\/wp\/v2\/product\/396284\/revisions\/404671"}],"wp:featuredmedia":[{"embeddable":true,"href":"https:\/\/www.redgrasscreative.com\/fr\/wp-json\/wp\/v2\/media\/282543"}],"wp:attachment":[{"href":"https:\/\/www.redgrasscreative.com\/fr\/wp-json\/wp\/v2\/media?parent=396284"}],"wp:term":[{"taxonomy":"product_brand","embeddable":true,"href":"https:\/\/www.redgrasscreative.com\/fr\/wp-json\/wp\/v2\/product_brand?post=396284"},{"taxonomy":"product_cat","embeddable":true,"href":"https:\/\/www.redgrasscreative.com\/fr\/wp-json\/wp\/v2\/product_cat?post=396284"},{"taxonomy":"product_tag","embeddable":true,"href":"https:\/\/www.redgrasscreative.com\/fr\/wp-json\/wp\/v2\/product_tag?post=396284"}],"curies":[{"name":"wp","href":"https:\/\/api.w.org\/{rel}","templated":true}]}}